{"id":45,"date":"2020-02-21T11:13:13","date_gmt":"2020-02-21T11:13:13","guid":{"rendered":"https:\/\/ojk.dk\/?page_id=45"},"modified":"2021-09-17T14:04:50","modified_gmt":"2021-09-17T14:04:50","slug":"proev-ojk-2","status":"publish","type":"page","link":"https:\/\/ojk.dk\/?page_id=45","title":{"rendered":"OJK  Landm\u00e5ling."},"content":{"rendered":"\n<h2 class=\"wp-block-heading\">Jeg har stor erfaring med teknisk landm\u00e5ling indenfor.<\/h2>\n\n\n\n<ul><li>Byggepladsafs\u00e6tning.<\/li><li>Kvalitetssikring.<\/li><li>Dokumentation.<\/li><li>As-Built.<\/li><li>Betingelser se herunder.<\/li><\/ul>\n\n\n\n<div class=\"wp-block-group\"><div class=\"wp-block-group__inner-container is-layout-flow wp-block-group-is-layout-flow\">\n<p class=\"has-regular-font-size\">BETINGELSER LANDM\u00c5LINGS ARBEJDE OJK APS. 2021<\/p>\n<\/div><\/div>\n\n\n\n<p>Anvendelsesomr\u00e5de. Disse betingelser finder anvendelse for enhver aftale mellem OJK ApS og kunden i alle aftaleforhold. Fravigelse af de generelle betingelser skal ske skriftligt og med accept af begge parter. <\/p>\n\n\n\n<p><strong>Oplysning om metode og datah\u00e5ndtering mm.<\/strong><\/p>\n\n\n\n<p>Data X, Y og Z udtr\u00e6kkes ved hj\u00e6lp af AutoCAD p\u00e5 baggrund af fremsendte DWG-tegninger.&nbsp;<\/p>\n\n\n\n<p>Der fortages ikke granskning af udleveret tegningsmateriale.<\/p>\n\n\n\n<p>Afs\u00e6tningsdata og registrering af det fysisk afsatte XE, YN, Z gemmes i 1 \u00e5r.<\/p>\n\n\n\n<p>Der fremsendes en afs\u00e6tningsskitse, hvorefter udf\u00f8rt afs\u00e6tning er g\u00e6ldende.<\/p>\n\n\n\n<p>Afs\u00e6tning foreg\u00e5r med Leica Totalstation TS 16 med fjernbetjening.<\/p>\n\n\n\n<p><strong>Metode:<\/strong> Der etableres en fri opstilling ved at m\u00e5le horisontal og vertikalvinkel samt afstand i to kikkertstillinger til min. 3 punkter i det overordnede fixpunktnet, hvorefter der beregnes et opstillingspunkt.<\/p>\n\n\n\n<p>Der afs\u00e6ttes ved hj\u00e6lp af elektronisk distancem\u00e5ling til h\u00e5ndholdt prisme.<\/p>\n\n\n\n<p><strong>HOVEDAFS\u00c6TNING.<\/strong><\/p>\n\n\n\n<p>Hovedafs\u00e6tning best\u00e5r af et tilstr\u00e6kkeligt stort antal fixspunkter placeret rundt om byggeriet koordineret i et X, Y, Z-koordinatsystem. Hertil h\u00f8rer en fixspunktplan, som viser fikspunkternes og byggeriets placering samt en liste eller en fil med koordinater til fixspunkter og udvalgte modulkryds.<\/p>\n\n\n\n<p class=\"has-text-color has-dark-gray-color\"><a><strong>PR\u00c6CISION OG VEJRLIG.<\/strong><\/a><\/p>\n\n\n\n<p>Kvaliteten af hovedafs\u00e6tning har stor indflydelse p\u00e5 afs\u00e6tnings n\u00f8jagtighed.<\/p>\n\n\n\n<p>Ved flere forskellige vejrforhold p\u00e5virkes pr\u00e6cisionen.<\/p>\n\n\n\n<p>Afs\u00e6tningsn\u00f8jagtigheden sk\u00f8nnes at v\u00e6re +\/- 3 &#8211; 5 mm under optimale forhold: Gr\u00e5vejr, 20 grader, og vindstille plus un\u00f8jagtigheden i fixpunktnettet (Hovedafs\u00e6tning.)<\/p>\n\n\n\n<p>Der afs\u00e6ttes med elektronisk udstyr, hvor enhederne kommunikerer via radiosignaler i nogle tilf\u00e6lde, generes disse signaler, af anden radiokommunikation p\u00e5 byggepladsen.<\/p>\n\n\n\n<p>(<em>Det er typisk betonbiler, kranbiler, og kraner, som kan genere.<\/em>)<\/p>\n\n\n\n<p>Brug af pladevibrator, tromler, Jordkompakter, rammemaskiner og lignende kan give store un\u00f8jagtigheder i afs\u00e6tningen.<\/p>\n\n\n\n<p>Der b\u00f8r ikke foreg\u00e5 arbejde af nogen art i det omr\u00e5de, i det tidsrum der udf\u00f8res afs\u00e6tning \/ opm\u00e5ling.<\/p>\n\n\n\n<p>Hvis der \u00f8nskes afs\u00e6tning \/ opm\u00e5ling under d\u00e5rlige vejrforhold, og under de forhold beskrevet herover neds\u00e6ttes pr\u00e6cisionen v\u00e6sentligt.<\/p>\n\n\n\n<p><strong>TEGNINGER. <\/strong><\/p>\n\n\n\n<p>Tegninger fra landinspekt\u00f8r, ingeni\u00f8r og arkitekt og hvis n\u00f8dvendigt elementfabrik, som skal danne&nbsp;&nbsp;&nbsp;&nbsp; grundlag for placering af de enkelte bygningsdele i byggeriet, og det der \u00f8nsket afsat, fremsendes i DWG-format i god tid f\u00f8r afs\u00e6tningen \u00f8nskes udf\u00f8rt.<\/p>\n\n\n\n<p><strong>OPRYDNING.<\/strong><\/p>\n\n\n\n<p>Der skal v\u00e6re helt ryddet og fri for andre aktiviteter hvor der \u00f8nskes, at der skal udf\u00f8res afs\u00e6tning \/ opm\u00e5ling. (<em>Tid og Pr\u00e6cision)<\/em><\/p>\n\n\n\n<p><strong>TIDSPUNKTER.<\/strong><\/p>\n\n\n\n<p>Afs\u00e6tningsdagen aftales i god tid f\u00f8r p\u00e5 mail.<\/p>\n\n\n\n<p>Afs\u00e6tning udf\u00f8res inden for normal arbejdstid i marken som er: mandag \u2013 torsdag: 6 30 \u2013 13 00 og fredag &nbsp;&nbsp;&nbsp;6 30 \u2013 11 30.<\/p>\n\n\n\n<p><strong>TILL\u00c6G.<\/strong><\/p>\n\n\n\n<p>Assistance uden for normal arbejdstid er ikke indregnet i timeprisen.<\/p>\n\n\n\n<p>Parkeringens udgifter viderefaktureres.<\/p>\n\n\n\n<p><strong>Skader p\u00e5 grund af:<\/strong> flyvende og hejste samt v\u00e6ltede materialer og arbejdsudstyr, manglende sikkerhedsforanstaltninger og ting der skader personer og udstyr viderefaktureres.<\/p>\n\n\n\n<p><strong>Afbestilling:<\/strong> Samme dag og dagen f\u00f8r en indg\u00e5et aftale, faktureres 100 %, derefter 50 %.<\/p>\n\n\n\n<p><strong>ADGANG.<\/strong><\/p>\n\n\n\n<p>OJK har uhindret adgang til byggepladsen alle ugens dage inkl. weekend. Der kan k\u00f8res helt hen til byggeriet og afl\u00e6sse instrumenter mm. samt parkering i umiddelbar n\u00e6rhed.<\/p>\n\n\n\n<p>Hvis adgang til etagerne inkluderer smalle trapper, stiger, stillads eller trappet\u00e5rn s\u00f8rger kunden for op og ned l\u00f8ftning af landm\u00e5lings grej.<\/p>\n\n\n\n<p><strong>&nbsp;&nbsp;&nbsp;&nbsp;&nbsp;&nbsp; Ansvarsbegr\u00e6nsning.<\/strong><\/p>\n\n\n\n<p>OJK ApS\u00b4 samlet \u00f8konomiske ansvar iht. n\u00e6rv\u00e6rende aftale er begr\u00e6nset til et bel\u00f8b svarende til det &nbsp;&nbsp;&nbsp;&nbsp;1 x udbetalte honorar, for den enkelte specifikke opgave. dog maks. Kr.20.000,-<\/p>\n\n\n\n<p><strong>FAKTURERING.<\/strong><\/p>\n\n\n\n<p>Timepris eksklusive forbrug er fortrolig mellem Kunden og <\/p>\n\n\n\n<p>OJK ApS.<\/p>\n\n\n\n<p class=\"has-text-color has-dark-gray-color\">Der sendes en <a>regning p\u00e5 mail, til kundens mail hovedadresse hvis ikke andet er oplyst.<\/a><\/p>\n\n\n\n<p><strong>Betalingsbetingelser:<\/strong><\/p>\n\n\n\n<p><strong>Faste kunder. L\u00f8bende m\u00e5ned 20 dage.<\/strong><\/p>\n\n\n\n<p><strong>ellers nettokontant.<\/strong><\/p>\n","protected":false},"excerpt":{"rendered":"<p>Jeg har stor erfaring med teknisk landm\u00e5ling indenfor. Byggepladsafs\u00e6tning. Kvalitetssikring. Dokumentation. As-Built. Betingelser se herunder. BETINGELSER LANDM\u00c5LINGS ARBEJDE OJK APS. 2021 Anvendelsesomr\u00e5de. Disse betingelser finder anvendelse for enhver aftale mellem OJK ApS og kunden i alle aftaleforhold. Fravigelse af de generelle betingelser skal ske skriftligt og med accept af begge parter. Oplysning om metode og [&hellip;]<\/p>\n","protected":false},"author":1,"featured_media":0,"parent":0,"menu_order":0,"comment_status":"closed","ping_status":"closed","template":"","meta":{"saved_in_kubio":false,"footnotes":""},"kubio_ai_page_context":{"short_desc":"","purpose":"general"},"_links":{"self":[{"href":"https:\/\/ojk.dk\/index.php?rest_route=\/wp\/v2\/pages\/45"}],"collection":[{"href":"https:\/\/ojk.dk\/index.php?rest_route=\/wp\/v2\/pages"}],"about":[{"href":"https:\/\/ojk.dk\/index.php?rest_route=\/wp\/v2\/types\/page"}],"author":[{"embeddable":true,"href":"https:\/\/ojk.dk\/index.php?rest_route=\/wp\/v2\/users\/1"}],"replies":[{"embeddable":true,"href":"https:\/\/ojk.dk\/index.php?rest_route=%2Fwp%2Fv2%2Fcomments&post=45"}],"version-history":[{"count":19,"href":"https:\/\/ojk.dk\/index.php?rest_route=\/wp\/v2\/pages\/45\/revisions"}],"predecessor-version":[{"id":153,"href":"https:\/\/ojk.dk\/index.php?rest_route=\/wp\/v2\/pages\/45\/revisions\/153"}],"wp:attachment":[{"href":"https:\/\/ojk.dk\/index.php?rest_route=%2Fwp%2Fv2%2Fmedia&parent=45"}],"curies":[{"name":"wp","href":"https:\/\/api.w.org\/{rel}","templated":true}]}}