{"id":7,"date":"2020-02-21T10:37:01","date_gmt":"2020-02-21T10:37:01","guid":{"rendered":"https:\/\/ojk.dk\/?page_id=7"},"modified":"2020-09-24T12:54:28","modified_gmt":"2020-09-24T12:54:28","slug":"om","status":"publish","type":"page","link":"https:\/\/ojk.dk\/?page_id=7","title":{"rendered":"Om OJK ApS"},"content":{"rendered":"\n<h2 class=\"wp-block-heading\">Det handler om gensidig respekt og rettidig omhu.<\/h2>\n\n\n\n<p>Med en solid baggrund i entrepren\u00f8rbranchen,                         grundlagde Ole J. Kristoffersen firmaet OJK  i 2006.\u00a0                                      <\/p>\n\n\n\n<p>Her hos mig kan kunderne altid kan regne med, at en aftale den overholdes. <\/p>\n\n\n\n<p>Jeg satser p\u00e5 grundig planl\u00e6gning og h\u00f8j kvalitet p\u00e5 alle opgaver.<\/p>\n\n\n\n<p>Fra basen i H\u00f8rve d\u00e6kker jeg hele Sj\u00e6lland og K\u00f8benhavn, men har ogs\u00e5 kunder mere lokalt i Odsherred. <\/p>\n\n\n\n<p><\/p>\n","protected":false},"excerpt":{"rendered":"<p>Det handler om gensidig respekt og rettidig omhu. Med en solid baggrund i entrepren\u00f8rbranchen, grundlagde Ole J. Kristoffersen firmaet OJK i 2006.\u00a0 Her hos mig kan kunderne altid kan regne med, at en aftale den overholdes. Jeg satser p\u00e5 grundig planl\u00e6gning og h\u00f8j kvalitet p\u00e5 alle opgaver. Fra basen i H\u00f8rve d\u00e6kker jeg hele Sj\u00e6lland [&hellip;]<\/p>\n","protected":false},"author":1,"featured_media":0,"parent":0,"menu_order":0,"comment_status":"closed","ping_status":"closed","template":"","meta":{"saved_in_kubio":false,"footnotes":""},"kubio_ai_page_context":{"short_desc":"","purpose":"general"},"_links":{"self":[{"href":"https:\/\/ojk.dk\/index.php?rest_route=\/wp\/v2\/pages\/7"}],"collection":[{"href":"https:\/\/ojk.dk\/index.php?rest_route=\/wp\/v2\/pages"}],"about":[{"href":"https:\/\/ojk.dk\/index.php?rest_route=\/wp\/v2\/types\/page"}],"author":[{"embeddable":true,"href":"https:\/\/ojk.dk\/index.php?rest_route=\/wp\/v2\/users\/1"}],"replies":[{"embeddable":true,"href":"https:\/\/ojk.dk\/index.php?rest_route=%2Fwp%2Fv2%2Fcomments&post=7"}],"version-history":[{"count":8,"href":"https:\/\/ojk.dk\/index.php?rest_route=\/wp\/v2\/pages\/7\/revisions"}],"predecessor-version":[{"id":132,"href":"https:\/\/ojk.dk\/index.php?rest_route=\/wp\/v2\/pages\/7\/revisions\/132"}],"wp:attachment":[{"href":"https:\/\/ojk.dk\/index.php?rest_route=%2Fwp%2Fv2%2Fmedia&parent=7"}],"curies":[{"name":"wp","href":"https:\/\/api.w.org\/{rel}","templated":true}]}}